{"id":19210,"date":"2020-08-07T14:33:07","date_gmt":"2020-08-07T14:33:07","guid":{"rendered":"https:\/\/jfg-clinic.com\/politique-de-confidentialite"},"modified":"2023-11-28T14:51:26","modified_gmt":"2023-11-28T14:51:26","slug":"politica-de-privacidade","status":"publish","type":"page","link":"https:\/\/www.jfg-clinic.com\/pt-pt\/politica-de-privacidade","title":{"rendered":"Pol\u00edtica de privacidade"},"content":{"rendered":"\t\t<div data-elementor-type=\"wp-page\" data-elementor-id=\"19210\" class=\"elementor elementor-19210 elementor-7265\" data-elementor-post-type=\"page\">\n\t\t\t\t\t\t<section class=\"elementor-section elementor-top-section elementor-element elementor-element-740c804d elementor-section-boxed elementor-section-height-default elementor-section-height-default qodef-elementor-content-no\" data-id=\"740c804d\" data-element_type=\"section\" data-e-type=\"section\">\n\t\t\t\t\t\t<div class=\"elementor-container elementor-column-gap-default\">\n\t\t\t\t\t<div class=\"elementor-column elementor-col-100 elementor-top-column elementor-element elementor-element-5fe977cb\" data-id=\"5fe977cb\" data-element_type=\"column\" data-e-type=\"column\">\n\t\t\t<div class=\"elementor-widget-wrap elementor-element-populated\">\n\t\t\t\t\t\t<div class=\"elementor-element elementor-element-86ddc8e elementor-widget__width-initial elementor-widget elementor-widget-text-editor\" data-id=\"86ddc8e\" data-element_type=\"widget\" data-e-type=\"widget\" data-widget_type=\"text-editor.default\">\n\t\t\t\t<div class=\"elementor-widget-container\">\n\t\t\t\t\t\t\t\t\t<h2>Prote\u00e7\u00e3o dos dados pessoais <\/h2><p>Nenhuma informa\u00e7\u00e3o pessoal \u00e9 recolhida sem o seu conhecimento. Qualquer informa\u00e7\u00e3o a seu respeito permite-nos conhec\u00ea-lo melhor e responder aos seus pedidos de informa\u00e7\u00e3o. N\u00e3o \u00e9 transmitida qualquer informa\u00e7\u00e3o pessoal a terceiros. <br>Em conformidade com as disposi\u00e7\u00f5es da lei francesa de 6 de janeiro de 1978 relativa \u00e0 prote\u00e7\u00e3o de dados, disp\u00f5e do direito de acesso, de modifica\u00e7\u00e3o, de retifica\u00e7\u00e3o e de supress\u00e3o dos dados pessoais que lhe dizem respeito. Para exercer este direito, deve contactar: SUD ESTHETIQUE. <br>&#8211; Informa\u00e7\u00f5es sobre como contactar um mediador:<\/p> <p>&#8220;Em conformidade com o artigo L.616-1 do C\u00f3digo do Consumo franc\u00eas, se o pedido do cliente ao ponto de venda n\u00e3o for bem sucedido, o cliente \u00e9 informado de que existem outras vias de recurso, nomeadamente a media\u00e7\u00e3o. <br>O cliente pode assim enviar gratuitamente o seu pedido de resolu\u00e7\u00e3o amig\u00e1vel do lit\u00edgio \u00e0 F\u00e9d\u00e9ration Fran\u00e7aise de la Franchise (FFF) \/ M\u00e9diation Franchise-Consommateurs (MFC) para o seguinte endere\u00e7o postal: F\u00e9d\u00e9ration Fran\u00e7aise de la Franchise \/ M\u00e9diation Franchise-Consommateurs, 29 boulevard de Courcelles \u2013 75008 Paris ou por email : info@franchise-fff.com (com o assunto: \u00ab M\u00e9diation Franchise-Consommateurs &#8211; Media\u00e7\u00e3o Franchise-Consumidor\u00bb). <br>Os procedimentos relativos \u00e0 apresenta\u00e7\u00e3o de um pedido \u00e0 Comiss\u00e3o MFC e outras informa\u00e7\u00f5es pr\u00e1ticas est\u00e3o dispon\u00edveis no seguinte endere\u00e7o: http:\/\/www.mediation-franchise.com. <br>&#8211; Informa\u00e7\u00e3o sobre a oposi\u00e7\u00e3o \u00e0 angaria\u00e7\u00e3o telef\u00f3nica <\/p><p>&#8221; Informamos da exist\u00eancia da lista de oposi\u00e7\u00e3o \u00e0 angaria\u00e7\u00e3o telef\u00f3nica &#8220;Bloctel&#8221;, na qual se pode inscrever clicando no seguinte link: https:\/\/conso.bloctel.fr\/ &#8221; <br>Os endere\u00e7os de email ou outras informa\u00e7\u00f5es nominativas recebidas pela SUD ESTHETIQUE atrav\u00e9s do espa\u00e7o de contacto n\u00e3o ser\u00e3o utilizados de forma alguma.<\/p>\t\t\t\t\t\t\t\t<\/div>\n\t\t\t\t<\/div>\n\t\t\t\t\t<\/div>\n\t\t<\/div>\n\t\t\t\t\t<\/div>\n\t\t<\/section>\n\t\t\t\t<\/div>\n\t\t","protected":false},"excerpt":{"rendered":"<p>Prote\u00e7\u00e3o dos dados pessoais Nenhuma informa\u00e7\u00e3o pessoal \u00e9 recolhida sem o seu conhecimento. Qualquer informa\u00e7\u00e3o a seu respeito permite-nos conhec\u00ea-lo melhor e responder aos seus pedidos de informa\u00e7\u00e3o. N\u00e3o \u00e9 transmitida qualquer informa\u00e7\u00e3o pessoal a terceiros. Em conformidade com as disposi\u00e7\u00f5es da lei francesa de 6 de janeiro de 1978 relativa \u00e0 prote\u00e7\u00e3o de dados, [&hellip;]<\/p>\n","protected":false},"author":3,"featured_media":0,"parent":0,"menu_order":0,"comment_status":"closed","ping_status":"closed","template":"page-full-width.php","meta":{"_acf_changed":false,"footnotes":""},"class_list":["post-19210","page","type-page","status-publish","hentry"],"acf":[],"yoast_head":"<!-- This site is optimized with the Yoast SEO plugin v27.4 - https:\/\/yoast.com\/product\/yoast-seo-wordpress\/ -->\n<title>Pol\u00edtica de privacidade - JFG Clinic<\/title>\n<meta name=\"robots\" content=\"index, follow, max-snippet:-1, max-image-preview:large, max-video-preview:-1\" \/>\n<link rel=\"canonical\" href=\"https:\/\/www.jfg-clinic.com\/pt-pt\/politica-de-privacidade\" \/>\n<meta property=\"og:locale\" content=\"pt_PT\" \/>\n<meta property=\"og:type\" content=\"article\" \/>\n<meta property=\"og:title\" content=\"Pol\u00edtica de privacidade - JFG Clinic\" \/>\n<meta property=\"og:description\" content=\"Prote\u00e7\u00e3o dos dados pessoais Nenhuma informa\u00e7\u00e3o pessoal \u00e9 recolhida sem o seu conhecimento. Qualquer informa\u00e7\u00e3o a seu respeito permite-nos conhec\u00ea-lo melhor e responder aos seus pedidos de informa\u00e7\u00e3o. N\u00e3o \u00e9 transmitida qualquer informa\u00e7\u00e3o pessoal a terceiros. Em conformidade com as disposi\u00e7\u00f5es da lei francesa de 6 de janeiro de 1978 relativa \u00e0 prote\u00e7\u00e3o de dados, [&hellip;]\" \/>\n<meta property=\"og:url\" content=\"https:\/\/www.jfg-clinic.com\/pt-pt\/politica-de-privacidade\" \/>\n<meta property=\"og:site_name\" content=\"JFG Clinic\" \/>\n<meta property=\"article:modified_time\" content=\"2023-11-28T14:51:26+00:00\" \/>\n<meta name=\"twitter:card\" content=\"summary_large_image\" \/>\n<meta name=\"twitter:label1\" content=\"Tempo estimado de leitura\" \/>\n\t<meta name=\"twitter:data1\" content=\"2 minutos\" \/>\n<script type=\"application\/ld+json\" class=\"yoast-schema-graph\">{\"@context\":\"https:\\\/\\\/schema.org\",\"@graph\":[{\"@type\":\"WebPage\",\"@id\":\"https:\\\/\\\/www.jfg-clinic.com\\\/pt-pt\\\/politica-de-privacidade\",\"url\":\"https:\\\/\\\/www.jfg-clinic.com\\\/pt-pt\\\/politica-de-privacidade\",\"name\":\"Pol\u00edtica de privacidade - JFG Clinic\",\"isPartOf\":{\"@id\":\"https:\\\/\\\/www.jfg-clinic.com\\\/#website\"},\"datePublished\":\"2020-08-07T14:33:07+00:00\",\"dateModified\":\"2023-11-28T14:51:26+00:00\",\"breadcrumb\":{\"@id\":\"https:\\\/\\\/www.jfg-clinic.com\\\/pt-pt\\\/politica-de-privacidade#breadcrumb\"},\"inLanguage\":\"pt-PT\",\"potentialAction\":[{\"@type\":\"ReadAction\",\"target\":[\"https:\\\/\\\/www.jfg-clinic.com\\\/pt-pt\\\/politica-de-privacidade\"]}]},{\"@type\":\"BreadcrumbList\",\"@id\":\"https:\\\/\\\/www.jfg-clinic.com\\\/pt-pt\\\/politica-de-privacidade#breadcrumb\",\"itemListElement\":[{\"@type\":\"ListItem\",\"position\":1,\"name\":\"Home\",\"item\":\"https:\\\/\\\/www.jfg-clinic.com\\\/\"},{\"@type\":\"ListItem\",\"position\":2,\"name\":\"Pol\u00edtica de privacidade\"}]},{\"@type\":\"WebSite\",\"@id\":\"https:\\\/\\\/www.jfg-clinic.com\\\/#website\",\"url\":\"https:\\\/\\\/www.jfg-clinic.com\\\/\",\"name\":\"JFG Clinic\",\"description\":\"Minceur - D\u00e9pilation - Anti-\u00e2ge\",\"publisher\":{\"@id\":\"https:\\\/\\\/www.jfg-clinic.com\\\/#organization\"},\"potentialAction\":[{\"@type\":\"SearchAction\",\"target\":{\"@type\":\"EntryPoint\",\"urlTemplate\":\"https:\\\/\\\/www.jfg-clinic.com\\\/?s={search_term_string}\"},\"query-input\":{\"@type\":\"PropertyValueSpecification\",\"valueRequired\":true,\"valueName\":\"search_term_string\"}}],\"inLanguage\":\"pt-PT\"},{\"@type\":\"Organization\",\"@id\":\"https:\\\/\\\/www.jfg-clinic.com\\\/#organization\",\"name\":\"JFG Clinic\",\"url\":\"https:\\\/\\\/www.jfg-clinic.com\\\/\",\"logo\":{\"@type\":\"ImageObject\",\"inLanguage\":\"pt-PT\",\"@id\":\"https:\\\/\\\/www.jfg-clinic.com\\\/#\\\/schema\\\/logo\\\/image\\\/\",\"url\":\"https:\\\/\\\/www.jfg-clinic.com\\\/wp-content\\\/uploads\\\/2024\\\/07\\\/logo-JFG-Clinic-vectorise-blc.svg\",\"contentUrl\":\"https:\\\/\\\/www.jfg-clinic.com\\\/wp-content\\\/uploads\\\/2024\\\/07\\\/logo-JFG-Clinic-vectorise-blc.svg\",\"width\":124,\"height\":50,\"caption\":\"JFG Clinic\"},\"image\":{\"@id\":\"https:\\\/\\\/www.jfg-clinic.com\\\/#\\\/schema\\\/logo\\\/image\\\/\"}}]}<\/script>\n<!-- \/ Yoast SEO plugin. -->","yoast_head_json":{"title":"Pol\u00edtica de privacidade - JFG Clinic","robots":{"index":"index","follow":"follow","max-snippet":"max-snippet:-1","max-image-preview":"max-image-preview:large","max-video-preview":"max-video-preview:-1"},"canonical":"https:\/\/www.jfg-clinic.com\/pt-pt\/politica-de-privacidade","og_locale":"pt_PT","og_type":"article","og_title":"Pol\u00edtica de privacidade - JFG Clinic","og_description":"Prote\u00e7\u00e3o dos dados pessoais Nenhuma informa\u00e7\u00e3o pessoal \u00e9 recolhida sem o seu conhecimento. Qualquer informa\u00e7\u00e3o a seu respeito permite-nos conhec\u00ea-lo melhor e responder aos seus pedidos de informa\u00e7\u00e3o. N\u00e3o \u00e9 transmitida qualquer informa\u00e7\u00e3o pessoal a terceiros. Em conformidade com as disposi\u00e7\u00f5es da lei francesa de 6 de janeiro de 1978 relativa \u00e0 prote\u00e7\u00e3o de dados, [&hellip;]","og_url":"https:\/\/www.jfg-clinic.com\/pt-pt\/politica-de-privacidade","og_site_name":"JFG Clinic","article_modified_time":"2023-11-28T14:51:26+00:00","twitter_card":"summary_large_image","twitter_misc":{"Tempo estimado de leitura":"2 minutos"},"schema":{"@context":"https:\/\/schema.org","@graph":[{"@type":"WebPage","@id":"https:\/\/www.jfg-clinic.com\/pt-pt\/politica-de-privacidade","url":"https:\/\/www.jfg-clinic.com\/pt-pt\/politica-de-privacidade","name":"Pol\u00edtica de privacidade - JFG Clinic","isPartOf":{"@id":"https:\/\/www.jfg-clinic.com\/#website"},"datePublished":"2020-08-07T14:33:07+00:00","dateModified":"2023-11-28T14:51:26+00:00","breadcrumb":{"@id":"https:\/\/www.jfg-clinic.com\/pt-pt\/politica-de-privacidade#breadcrumb"},"inLanguage":"pt-PT","potentialAction":[{"@type":"ReadAction","target":["https:\/\/www.jfg-clinic.com\/pt-pt\/politica-de-privacidade"]}]},{"@type":"BreadcrumbList","@id":"https:\/\/www.jfg-clinic.com\/pt-pt\/politica-de-privacidade#breadcrumb","itemListElement":[{"@type":"ListItem","position":1,"name":"Home","item":"https:\/\/www.jfg-clinic.com\/"},{"@type":"ListItem","position":2,"name":"Pol\u00edtica de privacidade"}]},{"@type":"WebSite","@id":"https:\/\/www.jfg-clinic.com\/#website","url":"https:\/\/www.jfg-clinic.com\/","name":"JFG Clinic","description":"Minceur - D\u00e9pilation - Anti-\u00e2ge","publisher":{"@id":"https:\/\/www.jfg-clinic.com\/#organization"},"potentialAction":[{"@type":"SearchAction","target":{"@type":"EntryPoint","urlTemplate":"https:\/\/www.jfg-clinic.com\/?s={search_term_string}"},"query-input":{"@type":"PropertyValueSpecification","valueRequired":true,"valueName":"search_term_string"}}],"inLanguage":"pt-PT"},{"@type":"Organization","@id":"https:\/\/www.jfg-clinic.com\/#organization","name":"JFG Clinic","url":"https:\/\/www.jfg-clinic.com\/","logo":{"@type":"ImageObject","inLanguage":"pt-PT","@id":"https:\/\/www.jfg-clinic.com\/#\/schema\/logo\/image\/","url":"https:\/\/www.jfg-clinic.com\/wp-content\/uploads\/2024\/07\/logo-JFG-Clinic-vectorise-blc.svg","contentUrl":"https:\/\/www.jfg-clinic.com\/wp-content\/uploads\/2024\/07\/logo-JFG-Clinic-vectorise-blc.svg","width":124,"height":50,"caption":"JFG Clinic"},"image":{"@id":"https:\/\/www.jfg-clinic.com\/#\/schema\/logo\/image\/"}}]}},"_links":{"self":[{"href":"https:\/\/www.jfg-clinic.com\/pt-pt\/wp-json\/wp\/v2\/pages\/19210","targetHints":{"allow":["GET"]}}],"collection":[{"href":"https:\/\/www.jfg-clinic.com\/pt-pt\/wp-json\/wp\/v2\/pages"}],"about":[{"href":"https:\/\/www.jfg-clinic.com\/pt-pt\/wp-json\/wp\/v2\/types\/page"}],"author":[{"embeddable":true,"href":"https:\/\/www.jfg-clinic.com\/pt-pt\/wp-json\/wp\/v2\/users\/3"}],"replies":[{"embeddable":true,"href":"https:\/\/www.jfg-clinic.com\/pt-pt\/wp-json\/wp\/v2\/comments?post=19210"}],"version-history":[{"count":3,"href":"https:\/\/www.jfg-clinic.com\/pt-pt\/wp-json\/wp\/v2\/pages\/19210\/revisions"}],"predecessor-version":[{"id":20562,"href":"https:\/\/www.jfg-clinic.com\/pt-pt\/wp-json\/wp\/v2\/pages\/19210\/revisions\/20562"}],"wp:attachment":[{"href":"https:\/\/www.jfg-clinic.com\/pt-pt\/wp-json\/wp\/v2\/media?parent=19210"}],"curies":[{"name":"wp","href":"https:\/\/api.w.org\/{rel}","templated":true}]}}