{"id":19178,"date":"2020-08-21T13:11:16","date_gmt":"2020-08-21T12:11:16","guid":{"rendered":"https:\/\/jfg-clinic.com\/reservation"},"modified":"2023-11-28T14:42:58","modified_gmt":"2023-11-28T14:42:58","slug":"marcar","status":"publish","type":"page","link":"https:\/\/www.jfg-clinic.com\/pt-pt\/marcar","title":{"rendered":"Marcar"},"content":{"rendered":"\t\t<div data-elementor-type=\"wp-page\" data-elementor-id=\"19178\" class=\"elementor elementor-19178\" data-elementor-post-type=\"page\">\n\t\t\t\t\t\t<section class=\"elementor-section elementor-top-section elementor-element elementor-element-ae167a5 elementor-hidden-desktop elementor-hidden-tablet elementor-hidden-mobile elementor-section-boxed elementor-section-height-default elementor-section-height-default qodef-elementor-content-no\" data-id=\"ae167a5\" data-element_type=\"section\" data-e-type=\"section\">\n\t\t\t\t\t\t<div class=\"elementor-container elementor-column-gap-default\">\n\t\t\t\t\t<div class=\"elementor-column elementor-col-100 elementor-top-column elementor-element elementor-element-9896bba\" data-id=\"9896bba\" data-element_type=\"column\" data-e-type=\"column\">\n\t\t\t<div class=\"elementor-widget-wrap elementor-element-populated\">\n\t\t\t\t\t\t<div class=\"elementor-element elementor-element-728082c elementor-widget elementor-widget-spacer\" data-id=\"728082c\" data-element_type=\"widget\" data-e-type=\"widget\" data-widget_type=\"spacer.default\">\n\t\t\t\t<div class=\"elementor-widget-container\">\n\t\t\t\t\t\t\t<div class=\"elementor-spacer\">\n\t\t\t<div class=\"elementor-spacer-inner\"><\/div>\n\t\t<\/div>\n\t\t\t\t\t\t<\/div>\n\t\t\t\t<\/div>\n\t\t\t\t\t<\/div>\n\t\t<\/div>\n\t\t\t\t\t<\/div>\n\t\t<\/section>\n\t\t\t\t<section class=\"elementor-section elementor-top-section elementor-element elementor-element-1a6b9bd elementor-section-height-full elementor-section-boxed elementor-section-height-default elementor-section-items-middle qodef-elementor-content-no\" data-id=\"1a6b9bd\" data-element_type=\"section\" data-e-type=\"section\" data-settings=\"{&quot;background_background&quot;:&quot;classic&quot;}\">\n\t\t\t\t\t\t<div class=\"elementor-container elementor-column-gap-default\">\n\t\t\t\t\t<div class=\"elementor-column elementor-col-100 elementor-top-column elementor-element elementor-element-58ea500\" data-id=\"58ea500\" data-element_type=\"column\" data-e-type=\"column\" data-settings=\"{&quot;background_background&quot;:&quot;classic&quot;}\">\n\t\t\t<div class=\"elementor-widget-wrap elementor-element-populated\">\n\t\t\t\t\t\t<div class=\"elementor-element elementor-element-bb7a29f elementor-widget__width-initial elementor-widget elementor-widget-marra_core_section_title\" data-id=\"bb7a29f\" data-element_type=\"widget\" data-e-type=\"widget\" data-widget_type=\"marra_core_section_title.default\">\n\t\t\t\t<div class=\"elementor-widget-container\">\n\t\t\t\t\t<div class=\"qodef-shortcode qodef-m  qodef-section-title qodef-alignment--center  \">\n\t\t<div class=\"qodef-main-content\">\n\t\t\t<h2 class=\"qodef-m-title\" style=\"color: #FFFFFF\">\n\t\t\t\t\tFa\u00e7a a marca\u00e7\u00e3o online para sua consulta\t\t\t<\/h2>\n\t\t\t<p class=\"qodef-m-text\" style=\"color: #FFFFFF\"> <\/p>\n\t<\/div>\n<\/div>\t\t\t\t<\/div>\n\t\t\t\t<\/div>\n\t\t\t\t<div class=\"elementor-element elementor-element-349144c elementor-widget elementor-widget-html\" data-id=\"349144c\" data-element_type=\"widget\" data-e-type=\"widget\" data-widget_type=\"html.default\">\n\t\t\t\t<div class=\"elementor-widget-container\">\n\t\t\t\t\t<style> #form-prospect { color:#ffffff !important; } rhc-plugin-container .form-control { border: 1px solid #000000 !important; } <\/style> <div id=\"rhc-plugin\" data-debug=\"true\" data-type=\"full\" data-key=\"JFGClinic\" data-env=\"sandbox\" show-reservation=\"true\" data-url=\"https:\/\/valence-fr.crm.jfg-clinic.com\/api\" data-mode=\"reservation\"> <\/div> <script src=\"https:\/\/valence-fr.crm.hta-technologies.com\/js\/addons\/rhc-plugin.js\"><\/script>\t\t\t\t<\/div>\n\t\t\t\t<\/div>\n\t\t\t\t<section class=\"elementor-section elementor-inner-section elementor-element elementor-element-3057a47 elementor-section-full_width qodef-elementor-content-grid elementor-section-height-default elementor-section-height-default\" data-id=\"3057a47\" data-element_type=\"section\" data-e-type=\"section\" data-settings=\"{&quot;background_background&quot;:&quot;classic&quot;}\">\n\t\t\t\t\t\t<div class=\"elementor-container elementor-column-gap-default\">\n\t\t\t\t\t<div class=\"elementor-column elementor-col-100 elementor-inner-column elementor-element elementor-element-f981e43\" data-id=\"f981e43\" data-element_type=\"column\" data-e-type=\"column\">\n\t\t\t<div class=\"elementor-widget-wrap elementor-element-populated\">\n\t\t\t\t\t\t<div class=\"elementor-element elementor-element-9529c49 elementor-widget elementor-widget-spacer\" data-id=\"9529c49\" data-element_type=\"widget\" data-e-type=\"widget\" data-widget_type=\"spacer.default\">\n\t\t\t\t<div class=\"elementor-widget-container\">\n\t\t\t\t\t\t\t<div class=\"elementor-spacer\">\n\t\t\t<div class=\"elementor-spacer-inner\"><\/div>\n\t\t<\/div>\n\t\t\t\t\t\t<\/div>\n\t\t\t\t<\/div>\n\t\t\t\t\t<\/div>\n\t\t<\/div>\n\t\t\t\t\t<\/div>\n\t\t<\/section>\n\t\t\t\t\t<\/div>\n\t\t<\/div>\n\t\t\t\t\t<\/div>\n\t\t<\/section>\n\t\t\t\t<\/div>\n\t\t","protected":false},"excerpt":{"rendered":"<p>Fa\u00e7a a marca\u00e7\u00e3o online para sua consulta<\/p>\n","protected":false},"author":3,"featured_media":0,"parent":0,"menu_order":0,"comment_status":"closed","ping_status":"closed","template":"page-full-width.php","meta":{"_acf_changed":false,"footnotes":""},"class_list":["post-19178","page","type-page","status-publish","hentry"],"acf":[],"yoast_head":"<!-- This site is optimized with the Yoast SEO plugin v27.5 - https:\/\/yoast.com\/product\/yoast-seo-wordpress\/ -->\n<title>Marcar - JFG Clinic<\/title>\n<meta name=\"robots\" content=\"index, follow, max-snippet:-1, max-image-preview:large, max-video-preview:-1\" \/>\n<link rel=\"canonical\" href=\"https:\/\/www.jfg-clinic.com\/pt-pt\/marcar\" \/>\n<meta property=\"og:locale\" content=\"pt_PT\" \/>\n<meta property=\"og:type\" content=\"article\" \/>\n<meta property=\"og:title\" content=\"Marcar - JFG Clinic\" \/>\n<meta property=\"og:description\" content=\"Fa\u00e7a a marca\u00e7\u00e3o online para sua consulta\" \/>\n<meta property=\"og:url\" content=\"https:\/\/www.jfg-clinic.com\/pt-pt\/marcar\" \/>\n<meta property=\"og:site_name\" content=\"JFG Clinic\" \/>\n<meta property=\"article:modified_time\" content=\"2023-11-28T14:42:58+00:00\" \/>\n<meta name=\"twitter:card\" content=\"summary_large_image\" \/>\n<meta name=\"twitter:label1\" content=\"Tempo estimado de leitura\" \/>\n\t<meta name=\"twitter:data1\" content=\"1 minuto\" \/>\n<script type=\"application\/ld+json\" class=\"yoast-schema-graph\">{\"@context\":\"https:\\\/\\\/schema.org\",\"@graph\":[{\"@type\":\"WebPage\",\"@id\":\"https:\\\/\\\/www.jfg-clinic.com\\\/pt-pt\\\/marcar\",\"url\":\"https:\\\/\\\/www.jfg-clinic.com\\\/pt-pt\\\/marcar\",\"name\":\"Marcar - JFG Clinic\",\"isPartOf\":{\"@id\":\"https:\\\/\\\/www.jfg-clinic.com\\\/#website\"},\"datePublished\":\"2020-08-21T12:11:16+00:00\",\"dateModified\":\"2023-11-28T14:42:58+00:00\",\"breadcrumb\":{\"@id\":\"https:\\\/\\\/www.jfg-clinic.com\\\/pt-pt\\\/marcar#breadcrumb\"},\"inLanguage\":\"pt-PT\",\"potentialAction\":[{\"@type\":\"ReadAction\",\"target\":[\"https:\\\/\\\/www.jfg-clinic.com\\\/pt-pt\\\/marcar\"]}]},{\"@type\":\"BreadcrumbList\",\"@id\":\"https:\\\/\\\/www.jfg-clinic.com\\\/pt-pt\\\/marcar#breadcrumb\",\"itemListElement\":[{\"@type\":\"ListItem\",\"position\":1,\"name\":\"Home\",\"item\":\"https:\\\/\\\/www.jfg-clinic.com\\\/\"},{\"@type\":\"ListItem\",\"position\":2,\"name\":\"Marcar\"}]},{\"@type\":\"WebSite\",\"@id\":\"https:\\\/\\\/www.jfg-clinic.com\\\/#website\",\"url\":\"https:\\\/\\\/www.jfg-clinic.com\\\/\",\"name\":\"JFG Clinic\",\"description\":\"Minceur - D\u00e9pilation - Anti-\u00e2ge\",\"publisher\":{\"@id\":\"https:\\\/\\\/www.jfg-clinic.com\\\/#organization\"},\"potentialAction\":[{\"@type\":\"SearchAction\",\"target\":{\"@type\":\"EntryPoint\",\"urlTemplate\":\"https:\\\/\\\/www.jfg-clinic.com\\\/?s={search_term_string}\"},\"query-input\":{\"@type\":\"PropertyValueSpecification\",\"valueRequired\":true,\"valueName\":\"search_term_string\"}}],\"inLanguage\":\"pt-PT\"},{\"@type\":\"Organization\",\"@id\":\"https:\\\/\\\/www.jfg-clinic.com\\\/#organization\",\"name\":\"JFG Clinic\",\"url\":\"https:\\\/\\\/www.jfg-clinic.com\\\/\",\"logo\":{\"@type\":\"ImageObject\",\"inLanguage\":\"pt-PT\",\"@id\":\"https:\\\/\\\/www.jfg-clinic.com\\\/#\\\/schema\\\/logo\\\/image\\\/\",\"url\":\"https:\\\/\\\/www.jfg-clinic.com\\\/wp-content\\\/uploads\\\/2024\\\/07\\\/logo-JFG-Clinic-vectorise-blc.svg\",\"contentUrl\":\"https:\\\/\\\/www.jfg-clinic.com\\\/wp-content\\\/uploads\\\/2024\\\/07\\\/logo-JFG-Clinic-vectorise-blc.svg\",\"width\":124,\"height\":50,\"caption\":\"JFG Clinic\"},\"image\":{\"@id\":\"https:\\\/\\\/www.jfg-clinic.com\\\/#\\\/schema\\\/logo\\\/image\\\/\"}}]}<\/script>\n<!-- \/ Yoast SEO plugin. -->","yoast_head_json":{"title":"Marcar - JFG Clinic","robots":{"index":"index","follow":"follow","max-snippet":"max-snippet:-1","max-image-preview":"max-image-preview:large","max-video-preview":"max-video-preview:-1"},"canonical":"https:\/\/www.jfg-clinic.com\/pt-pt\/marcar","og_locale":"pt_PT","og_type":"article","og_title":"Marcar - JFG Clinic","og_description":"Fa\u00e7a a marca\u00e7\u00e3o online para sua consulta","og_url":"https:\/\/www.jfg-clinic.com\/pt-pt\/marcar","og_site_name":"JFG Clinic","article_modified_time":"2023-11-28T14:42:58+00:00","twitter_card":"summary_large_image","twitter_misc":{"Tempo estimado de leitura":"1 minuto"},"schema":{"@context":"https:\/\/schema.org","@graph":[{"@type":"WebPage","@id":"https:\/\/www.jfg-clinic.com\/pt-pt\/marcar","url":"https:\/\/www.jfg-clinic.com\/pt-pt\/marcar","name":"Marcar - JFG Clinic","isPartOf":{"@id":"https:\/\/www.jfg-clinic.com\/#website"},"datePublished":"2020-08-21T12:11:16+00:00","dateModified":"2023-11-28T14:42:58+00:00","breadcrumb":{"@id":"https:\/\/www.jfg-clinic.com\/pt-pt\/marcar#breadcrumb"},"inLanguage":"pt-PT","potentialAction":[{"@type":"ReadAction","target":["https:\/\/www.jfg-clinic.com\/pt-pt\/marcar"]}]},{"@type":"BreadcrumbList","@id":"https:\/\/www.jfg-clinic.com\/pt-pt\/marcar#breadcrumb","itemListElement":[{"@type":"ListItem","position":1,"name":"Home","item":"https:\/\/www.jfg-clinic.com\/"},{"@type":"ListItem","position":2,"name":"Marcar"}]},{"@type":"WebSite","@id":"https:\/\/www.jfg-clinic.com\/#website","url":"https:\/\/www.jfg-clinic.com\/","name":"JFG Clinic","description":"Minceur - D\u00e9pilation - Anti-\u00e2ge","publisher":{"@id":"https:\/\/www.jfg-clinic.com\/#organization"},"potentialAction":[{"@type":"SearchAction","target":{"@type":"EntryPoint","urlTemplate":"https:\/\/www.jfg-clinic.com\/?s={search_term_string}"},"query-input":{"@type":"PropertyValueSpecification","valueRequired":true,"valueName":"search_term_string"}}],"inLanguage":"pt-PT"},{"@type":"Organization","@id":"https:\/\/www.jfg-clinic.com\/#organization","name":"JFG Clinic","url":"https:\/\/www.jfg-clinic.com\/","logo":{"@type":"ImageObject","inLanguage":"pt-PT","@id":"https:\/\/www.jfg-clinic.com\/#\/schema\/logo\/image\/","url":"https:\/\/www.jfg-clinic.com\/wp-content\/uploads\/2024\/07\/logo-JFG-Clinic-vectorise-blc.svg","contentUrl":"https:\/\/www.jfg-clinic.com\/wp-content\/uploads\/2024\/07\/logo-JFG-Clinic-vectorise-blc.svg","width":124,"height":50,"caption":"JFG Clinic"},"image":{"@id":"https:\/\/www.jfg-clinic.com\/#\/schema\/logo\/image\/"}}]}},"_links":{"self":[{"href":"https:\/\/www.jfg-clinic.com\/pt-pt\/wp-json\/wp\/v2\/pages\/19178","targetHints":{"allow":["GET"]}}],"collection":[{"href":"https:\/\/www.jfg-clinic.com\/pt-pt\/wp-json\/wp\/v2\/pages"}],"about":[{"href":"https:\/\/www.jfg-clinic.com\/pt-pt\/wp-json\/wp\/v2\/types\/page"}],"author":[{"embeddable":true,"href":"https:\/\/www.jfg-clinic.com\/pt-pt\/wp-json\/wp\/v2\/users\/3"}],"replies":[{"embeddable":true,"href":"https:\/\/www.jfg-clinic.com\/pt-pt\/wp-json\/wp\/v2\/comments?post=19178"}],"version-history":[{"count":3,"href":"https:\/\/www.jfg-clinic.com\/pt-pt\/wp-json\/wp\/v2\/pages\/19178\/revisions"}],"predecessor-version":[{"id":20581,"href":"https:\/\/www.jfg-clinic.com\/pt-pt\/wp-json\/wp\/v2\/pages\/19178\/revisions\/20581"}],"wp:attachment":[{"href":"https:\/\/www.jfg-clinic.com\/pt-pt\/wp-json\/wp\/v2\/media?parent=19178"}],"curies":[{"name":"wp","href":"https:\/\/api.w.org\/{rel}","templated":true}]}}